{"id":5223,"date":"2026-05-07T11:45:44","date_gmt":"2026-05-07T09:45:44","guid":{"rendered":"https:\/\/www.fotostudio-edler.de\/?page_id=5223"},"modified":"2026-05-07T12:27:37","modified_gmt":"2026-05-07T10:27:37","slug":"terminvereinbarungen","status":"publish","type":"page","link":"https:\/\/www.fotostudio-edler.de\/index.php\/terminvereinbarungen\/","title":{"rendered":"Termin buchen"},"content":{"rendered":"\n<p><strong>Wer durch Arbeit oder andere Verpflichtungen verhindert ist, zu den g\u00e4ngigen \u00d6ffnungszeiten zu erscheinen, kann den Terminkalender nutzen und einen Termin mit mir au\u00dferhalb der \u00d6ffnungszeiten vereinbaren.<\/strong><\/p>\n\n\n\n<p class=\"has-text-align-center has-white-color has-luminous-vivid-orange-to-vivid-red-gradient-background has-text-color has-background has-link-color has-huge-font-size wp-elements-07c7f41cc23567cb74b07c120f39cb28\"><a href=\"https:\/\/www.sumupbookings.com\/johanna-edler-photography\" target=\"_blank\" rel=\"noreferrer noopener\"><strong>Termine ausserhalb der Gesch\u00e4ftszeiten hier buchen !<\/strong><\/a><\/p>\n\n\n\n<p class=\"has-normal-font-size\"><strong>Regul\u00e4re \u00d6ffnungszeiten (ohne Terminabsprache):<\/strong><\/p>\n\n\n\n<p>Montag bis Donnerstag 09:00 Uhr \u2013 17:30 Uhr<\/p>\n\n\n\n<p>Freitag 09:00 Uhr \u2013 15:00 Uhr<\/p>\n\n\n\n<p><strong>Mit Terminabsprache:<\/strong><\/p>\n\n\n\n<p>Montag bis Donnerstag: 08:00 Uhr &#8211; 09:00 Uhr und von 17:30 Uhr &#8211; 19:00 Uhr <\/p>\n\n\n\n<p>Freitag: 15:00 &#8211; 19:00 Uhr <\/p>\n\n\n\n<p>Samstag: 09:00 Uhr &#8211; 12:00 Uhr <\/p>\n\n\n\n<p><\/p>\n","protected":false},"excerpt":{"rendered":"<p>Wer durch Arbeit oder andere Verpflichtungen verhindert ist, zu den g\u00e4ngigen \u00d6ffnungszeiten zu erscheinen, kann den Terminkalender nutzen und einen Termin mit mir au\u00dferhalb der \u00d6ffnungszeiten vereinbaren. Termine ausserhalb der Gesch\u00e4ftszeiten hier buchen ! Regul\u00e4re \u00d6ffnungszeiten (ohne Terminabsprache): Montag bis Donnerstag 09:00 Uhr \u2013 17:30 &hellip; <a href=\"https:\/\/www.fotostudio-edler.de\/index.php\/terminvereinbarungen\/\" class=\"more-link\"><span>Continue reading<span class=\"screen-reader-text\">Termin buchen<\/span><\/span><\/a><\/p>\n","protected":false},"author":1,"featured_media":0,"parent":0,"menu_order":0,"comment_status":"closed","ping_status":"closed","template":"","meta":{"ngg_post_thumbnail":0,"footnotes":""},"class_list":["post-5223","page","type-page","status-publish","hentry"],"_links":{"self":[{"href":"https:\/\/www.fotostudio-edler.de\/index.php\/wp-json\/wp\/v2\/pages\/5223","targetHints":{"allow":["GET"]}}],"collection":[{"href":"https:\/\/www.fotostudio-edler.de\/index.php\/wp-json\/wp\/v2\/pages"}],"about":[{"href":"https:\/\/www.fotostudio-edler.de\/index.php\/wp-json\/wp\/v2\/types\/page"}],"author":[{"embeddable":true,"href":"https:\/\/www.fotostudio-edler.de\/index.php\/wp-json\/wp\/v2\/users\/1"}],"replies":[{"embeddable":true,"href":"https:\/\/www.fotostudio-edler.de\/index.php\/wp-json\/wp\/v2\/comments?post=5223"}],"version-history":[{"count":7,"href":"https:\/\/www.fotostudio-edler.de\/index.php\/wp-json\/wp\/v2\/pages\/5223\/revisions"}],"predecessor-version":[{"id":5239,"href":"https:\/\/www.fotostudio-edler.de\/index.php\/wp-json\/wp\/v2\/pages\/5223\/revisions\/5239"}],"wp:attachment":[{"href":"https:\/\/www.fotostudio-edler.de\/index.php\/wp-json\/wp\/v2\/media?parent=5223"}],"curies":[{"name":"wp","href":"https:\/\/api.w.org\/{rel}","templated":true}]}}