{"id":166,"date":"2018-05-24T20:31:26","date_gmt":"2018-05-24T18:31:26","guid":{"rendered":"http:\/\/www.fotostudio-edler.de\/?page_id=166"},"modified":"2018-05-24T20:35:58","modified_gmt":"2018-05-24T18:35:58","slug":"datenschutz","status":"publish","type":"page","link":"https:\/\/www.fotostudio-edler.de\/index.php\/datenschutz\/","title":{"rendered":"Datenschutz"},"content":{"rendered":"<p>Datenschutzerkl\u00e4rung<br \/>\nAllgemeine Informationen zum Datenschutz<\/p>\n<p>Wir freuen uns \u00fcber Ihr Interesse an unserer Homepage und unserem Unternehmen. F\u00fcr externe Links zu fremden Inhalten k\u00f6nnen wir dabei trotz sorgf\u00e4ltiger inhaltlicher Kontrolle keine Haftung \u00fcbernehmen.<\/p>\n<p>Der Schutz Ihrer personenbezogenen Daten bei der Erhebung, Verarbeitung und Nutzung anl\u00e4sslich Ihres Besuchs auf unserer Homepage ist uns ein wichtiges Anliegen. Ihre Daten werden im Rahmen der gesetzlichen Vorschriften gesch\u00fctzt. Nachfolgend finden Sie Informationen, welche Daten w\u00e4hrend Ihres Besuchs auf der Homepage erfasst und wie diese genutzt werden. Sicherheitshinweis: Wir sind bem\u00fcht, Ihre personenbezogenen Daten durch Ergreifung aller technischen und organisatorischen M\u00f6glichkeiten so zu speichern, dass sie f\u00fcr Dritte nicht zug\u00e4nglich sind. Bei der Kommunikation per E Mail kann die vollst\u00e4ndige Datensicherheit von uns nicht gew\u00e4hrleistet werden, so dass wir Ihnen bei vertraulichen Informationen den Postweg empfehlen.<br \/>\nErhebung und Verarbeitung von Daten<\/p>\n<p>Jeder Zugriff auf unsere Homepage und jeder Abruf einer auf der Homepage hinterlegten Datei werden protokolliert. Die Speicherung dient internen systembezogenen und statistischen Zwecken. Protokolliert werden: Name der abgerufenen Datei, Datum und Uhrzeit des Abrufs, \u00fcbertragene Datenmenge, Meldung \u00fcber erfolgreichen Abruf, Webbrowser und anfragende Domain. Zus\u00e4tzlich werden die IP Adressen der anfragenden Rechner protokolliert. Weitergehende personenbezogene Daten werden nur erfasst, wenn Sie diese Angaben freiwillig, etwa im Rahmen einer Anfrage oder Registrierung, machen. Zudem k\u00f6nnen auf unserer Webseite Cookies oder JAVA-Applets verwendet werden. Die Verwendung dieser Funktionalit\u00e4ten kann durch Einstellungen des Browserprogramms vom jeweiligen Nutzer ausgeschaltet werden, wir weisen Sie jedoch darauf hin, dass Sie in diesem Fall unter Umst\u00e4nden nicht s\u00e4mtliche Funktionen dieser Website voll umf\u00e4nglich nutzen k\u00f6nnen.<br \/>\nInformationen zum Datenschutz nach Artikel 13 der EU-Datenschutz-Grundverordnung<\/p>\n<p>Im Rahmen der Nutzung dieser Webseite werden personenbezogene Daten von Ihnen durch unser Unternehmen, Fotostudio Edler\/Johanna Edler Photography, Kasseler Tor 1, D-37308 Heilbad Heiligenstadt, Tel. 03606\/612571, E-Mail info@johannaedler.de verarbeitet, z.B. wenn Sie unser Kontakformular nutzen. Sofern wir einen Onlineshop anbieten handelt es sich bei diesen personenbezogenen Daten um erforderliche Informationen, um Ihnen die gew\u00fcnschten Produkte liefern und abrechnen zu k\u00f6nnen. Hierzu z\u00e4hlen insbesondere Daten aus Ihrer nachfolgenden Anmeldung als Neukunde. Die Datenverarbeitung erfolgt auf Grundlage von Art. 6 Absatz 1 Satz 1 b.) f\u00fcr die Erf\u00fcllung eines Vertrags, dessen Vertragspartei die betroffenen Person ist. F\u00fcr die genannten Zwecke k\u00f6nnen die Sie betreffenden Daten auch an Dienstleister \u00fcbermittelt werden, die an der Vertragserf\u00fcllung beteiligt sind (bspw. Web-Hoster, Paketdienste, Dienstleister zur Abwicklung von Gewinnspielen u.a.). Ihre Daten werden gel\u00f6scht, sobald die gesetzlichen Aufbewahrungsfristen abgelaufen sind. So Sie uns \u00fcber das Kontaktformular eine E-Mail-Nachricht zukommen lassen, verwenden wir dievon Ihnen angegebenen Daten um Ihre Anfrage zu beantworten.<\/p>\n<p>Sie haben das Recht, Auskunft dar\u00fcber zu verlangen, welche Daten \u00fcber Sie bei uns gespeichert sind und zu welchem Zweck diese Speicherung erfolgt. Dar\u00fcber hinaus k\u00f6nnen Sie unrichtige Daten berichtigen oder solche Daten l\u00f6schen lassen, deren Speicherung nicht mehr erforderlich ist. Sie haben das Recht auf Daten\u00fcbertragbarkeit. Au\u00dferdem haben Sie das Recht, sich bei einer Aufsichtsbeh\u00f6rde \u00fcber die stattfindende Datenverarbeitung zu beschweren. Unsere zust\u00e4ndige Aufsichtsbeh\u00f6rde finden Sie hier: <a href=\"https:\/\/www.tlfdi.de\/tlfdi\/\">https:\/\/www.tlfdi.de<\/a><\/p>\n<p>Bei Unklarheiten\/Fragen k\u00f6nnen Sie sich jederzeit an unseren Datenschutzbeauftragten wenden:<br \/>\ninfo@johannaedler.de<\/p>\n<p>Google Maps<\/p>\n<p>Diese Webseite verwendet das Produkt Google Maps (API) von Google Inc. Durch Nutzung dieser Webseite erkl\u00e4ren Sie sich mit der Erfassung, Bearbeitung sowie Nutzung der automatisiert erhobenen Daten durch Google Inc, deren Vertreter sowie Dritter einverstanden.Die Nutzungsbedingungen von Google Maps finden sie unter &#8222;Nutzungsbedingungen von Google Maps&#8220; http:\/\/www.google.com\/intl\/de_de\/help\/terms_maps.html.<br \/>\nGesonderte Erkl\u00e4rung zu Google Analytics<\/p>\n<p>Diese Website benutzt Google Analytics, einen Webanalysedienst der Google Inc. (&#8222;Google&#8220;). Google Analytics verwendet sog. &#8222;Cookies&#8220;, Textdateien, die auf Ihrem Computer gespeichert werden und die eine Analyse der Benutzung der Website durch Sie erm\u00f6glichen. Die durch den Cookie erzeugten Informationen \u00fcber Ihre Benutzung dieser Website werden in der Regel an einen Server von Google in den USA \u00fcbertragen und dort gespeichert. Im Falle der Aktivierung der IP-Anonymisierung auf dieser Website, wird Ihre IP-Adresse von Google jedoch innerhalb von Mitgliedstaaten der Europ\u00e4ischen Union oder in anderen Vertragsstaaten des Abkommens \u00fcber den Europ\u00e4ischen Wirtschaftsraum zuvor gek\u00fcrzt. Nur in Ausnahmef\u00e4llen wird die volle IP-Adresse an einen Server von Google in den USA \u00fcbertragen und dort gek\u00fcrzt. Im Auftrag des Betreibers dieser Website wird Google diese Informationen benutzen, um Ihre Nutzung der Website auszuwerten, um Reports \u00fcber die Websiteaktivit\u00e4ten zusammenzustellen und um weitere mit der Websitenutzung und der Internetnutzung verbundene Dienstleistungen gegen\u00fcber dem Websitebetreiber zu erbringen. Die im Rahmen von Google Analytics von Ihrem Browser \u00fcbermittelte IP-Adresse wird nicht mit anderen Daten von Google zusammengef\u00fchrt. Sie k\u00f6nnen die Speicherung der Cookies durch eine entsprechende Einstellung Ihrer Browser-Software verhindern; wir weisen Sie jedoch darauf hin, dass Sie in diesem Fall gegebenenfalls nicht s\u00e4mtliche Funktionen dieser Website vollumf\u00e4nglich werden nutzen k\u00f6nnen. Sie k\u00f6nnen dar\u00fcber hinaus die Erfassung der durch das Cookie erzeugten und auf Ihre Nutzung der Website bezogenen Daten (inkl. Ihrer IP-Adresse) an Google sowie die Verarbeitung dieser Daten durch Google verhindern, indem sie das unter dem folgenden Link verf\u00fcgbare Browser-Plugin herunterladen und installieren: http:\/\/tools.google.com\/dlpage\/gaoptout?hl=de.Diese Website setzt die IP-Anonymisierungsfunktion von Google Analytics ein. Gemeinsam mit einem abgeschlossenen Vertrag zur Auftragsdatenverarbeitung mit Google sowie Ihrer M\u00f6glichkeit zur Installation des Browser-Add-on zur Deaktivierung von Google Analytics wird damit den aktuellen Vorgaben der deutschen Datenschutzbeh\u00f6rden zur datenschutzkonformen Nutzung von Google Analytics entsprochen. N\u00e4here Informationen hierzu finden Sie unter http:\/\/www.google.com\/intl\/de\/analytics\/privacyoverview.html (allgemeine Informationen zu Google Analytics und Datenschutz).<br \/>\nNewsletter<\/p>\n<p>Weitere Datenschutzhinweise<\/p>\n<p>So wir auf unserer Webseite weitere Dienste von Drittanbietern nutzen oder weiterf\u00fchrende Links zu Social Media Plattformen verwenden oder einen Account auf diesen betreiben finden Sie nachstehend die entsprechenden Datenschutzhinweise:<br \/>\nSOZIALE NETZWERKE<\/p>\n<p>Unsere Website stellt Ihnen unter bestimmten Umst\u00e4nden Weiterleitungen oder Social Plug-Ins verschiedener sozialer Netzwerke zur Verf\u00fcgung. Wenn Sie mit einem sozialen Netzwerk wie Facebook, Instagram, Twitter, YouTube o.a. interagieren m\u00f6chten (z. B. durch die Registrierung eines Kontos), wird Ihre Aktivit\u00e4t auf unserer Website oder \u00fcber unsere Apps auch dem entsprechenden sozialen Netzwerk angegeben. Wenn Sie bei Ihrem Besuch auf unserer Websites Apps in einem dieser sozialen Netzwerke angemeldet sind oder mit einem der Social Plug-Ins interagieren, kann das soziale Netzwerk diese Informationen je nach Ihren Datenschutzeinstellungen zu Ihrem jeweiligen Profil bei diesem Netzwerk hinzuf\u00fcgen. Wenn Sie diese Form der Daten\u00fcbermittlung verhindern m\u00f6chten, sollten Sie sich nach M\u00f6glichkeit immer zuerst aus Ihrem sozialen Netzwerkkonto abmelden, bevor Sie unsere Website aufrufen. Auch wenn Sie bei den sozialen Netzwerken nicht angemeldet sind, k\u00f6nnen von Webseiten mit aktiven Social Plugins Daten an die Netzwerke gesendet werden. Durch einen aktiven Plugin wird bei jedem Aufruf der Webseite ein Cookie mit einer Kennung gesetzt. Da Ihr Browser dieses Cookie bei jeder Verbindung mit einem Server mitschickt, k\u00f6nnte das Netzwerk damit ein Profil erstellen, welche Webseiten Sie als Nutzer aufgerufen haben. Bitte lesen Sie sich die Datenschutzerkl\u00e4rungen bzw. Datenschutzrichtlinien der betreffenden sozialen Netzwerke durch, um N\u00e4heres \u00fcber die Erfassung und \u00dcbermittlung von personenbezogenen Daten sowie dar\u00fcber zu erfahren, welche Rechte Sie haben und wie Sie die Dateneinstellungen Ihren Anforderungen entsprechend einrichten k\u00f6nnen.<br \/>\nAuf unser Webseite nutzen wir folgende Weiterleitungen und\/oder Plugins:<br \/>\nYOUTUBE<\/p>\n<p>Wir verwenden Weiterleitungen zu und\/oder Plugins und\/oder betreiben einen eigenen Account des sozialen Netzwerkes YouTube LLC, 901 Cherry Ave. San Bruno, CA 94066 USA, vertreten durch: Google LLC, 1600 Amphitheatre Parkway, Mountain View, CA 94043, USA, betrieben wird. Den Link zur Datenschutzerkl\u00e4rung von Youtube finden Sie hier: Datenschutzhinweise von Youtube.<\/p>\n<p>INSTAGRAM<\/p>\n<p>Wir verwenden Weiterleitungen zu und\/oder Plugins und\/oder betreiben einen eigenen Account des sozialen Netzwerkes Instagram, welches von der Instagram LLC , 1601 Willow Rd Menlo Park CA 94025 USA, betrieben wird. Den Link zur Datenschutzerkl\u00e4rung von Pinterest finden Sie hier: Datenschutzhinweise von Instagram.<\/p>\n<p>FACEBOOK<\/p>\n<p>Wir verwenden Weiterleitungen zu und\/oder Plugins und\/oder betreiben einen eigenen Account des sozialen Netzwerkes facebook.com, welches von der Facebook Inc., 1601 S. California Ave, Palo Alto, CA 94304, USA betrieben wird (\u201eFacebook\u201c). Den Link zur Datenschutzerkl\u00e4rung von Facebook finden Sie hier: Datenschutzhinweise von Facebook.<\/p>\n","protected":false},"excerpt":{"rendered":"<p>Datenschutzerkl\u00e4rung Allgemeine Informationen zum Datenschutz Wir freuen uns \u00fcber Ihr Interesse an unserer Homepage und unserem Unternehmen. F\u00fcr externe Links zu fremden Inhalten k\u00f6nnen wir dabei trotz sorgf\u00e4ltiger inhaltlicher Kontrolle keine Haftung \u00fcbernehmen. Der Schutz Ihrer personenbezogenen Daten bei der Erhebung, Verarbeitung und Nutzung anl\u00e4sslich &hellip; <a href=\"https:\/\/www.fotostudio-edler.de\/index.php\/datenschutz\/\" class=\"more-link\"><span>Continue reading<span class=\"screen-reader-text\">Datenschutz<\/span><\/span><\/a><\/p>\n","protected":false},"author":1,"featured_media":0,"parent":0,"menu_order":0,"comment_status":"closed","ping_status":"closed","template":"","meta":{"ngg_post_thumbnail":0,"footnotes":""},"class_list":["post-166","page","type-page","status-publish","hentry"],"_links":{"self":[{"href":"https:\/\/www.fotostudio-edler.de\/index.php\/wp-json\/wp\/v2\/pages\/166","targetHints":{"allow":["GET"]}}],"collection":[{"href":"https:\/\/www.fotostudio-edler.de\/index.php\/wp-json\/wp\/v2\/pages"}],"about":[{"href":"https:\/\/www.fotostudio-edler.de\/index.php\/wp-json\/wp\/v2\/types\/page"}],"author":[{"embeddable":true,"href":"https:\/\/www.fotostudio-edler.de\/index.php\/wp-json\/wp\/v2\/users\/1"}],"replies":[{"embeddable":true,"href":"https:\/\/www.fotostudio-edler.de\/index.php\/wp-json\/wp\/v2\/comments?post=166"}],"version-history":[{"count":1,"href":"https:\/\/www.fotostudio-edler.de\/index.php\/wp-json\/wp\/v2\/pages\/166\/revisions"}],"predecessor-version":[{"id":167,"href":"https:\/\/www.fotostudio-edler.de\/index.php\/wp-json\/wp\/v2\/pages\/166\/revisions\/167"}],"wp:attachment":[{"href":"https:\/\/www.fotostudio-edler.de\/index.php\/wp-json\/wp\/v2\/media?parent=166"}],"curies":[{"name":"wp","href":"https:\/\/api.w.org\/{rel}","templated":true}]}}